{"id":70,"date":"2024-05-05T21:52:25","date_gmt":"2024-05-05T19:52:25","guid":{"rendered":"https:\/\/sentiers-des-savoirs.be\/?page_id=70"},"modified":"2024-05-05T21:56:29","modified_gmt":"2024-05-05T19:56:29","slug":"passeurs","status":"publish","type":"page","link":"https:\/\/sentiers-des-savoirs.be\/index.php\/passeurs\/","title":{"rendered":"Passeur.se"},"content":{"rendered":"\n<p>Extrait provisoire des <a href=\"https:\/\/sentiers-des-savoirs.ch\/\">Sentiers des Savoirs Suisse<\/a><\/p>\n\n\n\n<h2 class=\"wp-block-heading\">Devenir passeur\u00b7se de savoirs<\/h2>\n\n\n\n<p>Fermes, \u00e9colieux, ateliers, chantiers participatifs\u2026 Vous qui mettez d\u00e9j\u00e0 en pratique l\u2019\u00e9cologie, la d\u00e9croissance joyeuse, la r\u00e9silience, rejoignez le r\u00e9seau et accueillez sur votre lieu des itin\u00e9rant\u00b7e\u00b7s d\u00e9sireux d\u2019aider et d\u2019apprendre.<\/p>\n\n\n\n<p>Personnes passionn\u00e9es par leurs m\u00e9tiers qui accueillent, accompagnent les itin\u00e9rant\u00b7e\u00b7s afin de partager leurs connaissances \u00e9cologiques. Ils appartiennent \u00e0 une panoplie de m\u00e9tiers durables dans diff\u00e9rents domaines : l\u2019agro\u00e9cologie, l\u2019\u00e9co-construction, l\u2019artisanat, la r\u00e9paration, l\u2019observation de la nature, etc. Ces personnes remplissent les crit\u00e8res de s\u00e9lection de l\u2019association.<\/p>\n\n\n\n<p>Il y a deux types de passeur\u00b7euse\u00b7s de savoir :<\/p>\n\n\n\n<ul>\n<li>Fixes : qui accueillent, proposent un h\u00e9bergement et enseignement dans leurs lieux de travail&nbsp; (fermes, ateliers, centres, \u00e9co-lieux, etc.)<\/li>\n\n\n\n<li>Mobiles : qui accompagnent et enseignent sur les sentiers (botanistes, accompagnateur\u00b7rice\u00b7s en montagne, astrologues, ornithologues, artistes, musicien\u00b7ne\u00b7s, etc.)<\/li>\n<\/ul>\n\n\n\n<p>Extrait provisoire des <a href=\"https:\/\/sentiers-des-savoirs.fr\/\">Sentiers des Savoirs Fran\u00e7ais<\/a><\/p>\n\n\n\n<h2 class=\"wp-block-heading\">Devenir passeur\u00b7se de savoirs<\/h2>\n\n\n\n<p>Fermes, \u00e9colieux, ateliers, chantiers participatifs\u2026 Vous qui mettez d\u00e9j\u00e0 en pratique l\u2019\u00e9cologie, la d\u00e9croissance joyeuse, la r\u00e9silience, rejoignez le r\u00e9seau et accueillez sur votre lieu des itin\u00e9rant\u00b7e\u00b7s d\u00e9sireux d\u2019aider et d\u2019apprendre.<\/p>\n","protected":false},"excerpt":{"rendered":"<p>Extrait provisoire des Sentiers des Savoirs Suisse Devenir passeur\u00b7se de savoirs Fermes, \u00e9colieux, ateliers, chantiers participatifs\u2026 Vous qui mettez d\u00e9j\u00e0 en pratique l\u2019\u00e9cologie, la d\u00e9croissance joyeuse, la r\u00e9silience, rejoignez&#8230;<\/p>\n","protected":false},"author":1,"featured_media":56,"parent":0,"menu_order":0,"comment_status":"closed","ping_status":"closed","template":"","meta":{"_regular_price":[],"currency_symbol":[],"_EventAllDay":false,"_EventTimezone":"","_EventStartDate":"","_EventEndDate":"","_EventStartDateUTC":"","_EventEndDateUTC":"","_EventShowMap":false,"_EventShowMapLink":false,"_EventURL":"","_EventCost":"","_EventCostDescription":"","_EventCurrencySymbol":"","_EventCurrencyCode":"","_EventCurrencyPosition":"","_EventDateTimeSeparator":"","_EventTimeRangeSeparator":"","_EventOrganizerID":[],"_EventVenueID":[],"_OrganizerEmail":"","_OrganizerPhone":"","_OrganizerWebsite":"","_VenueAddress":"","_VenueCity":"","_VenueCountry":"","_VenueProvince":"","_VenueState":"","_VenueZip":"","_VenuePhone":"","_VenueURL":"","_VenueStateProvince":"","_VenueLat":"","_VenueLng":"","_VenueShowMap":false,"_VenueShowMapLink":false,"footnotes":""},"class_list":["post-70","page","type-page","status-publish","has-post-thumbnail","hentry"],"post_slider_layout_featured_media_urls":{"thumbnail":["https:\/\/sentiers-des-savoirs.be\/wp-content\/uploads\/2024\/05\/lesson1-150x150.png",150,150,true],"post_slider_layout_landscape_large":["https:\/\/sentiers-des-savoirs.be\/wp-content\/uploads\/2024\/05\/lesson1.png",1067,800,false],"post_slider_layout_portrait_large":["https:\/\/sentiers-des-savoirs.be\/wp-content\/uploads\/2024\/05\/lesson1.png",1080,810,false],"post_slider_layout_square_large":["https:\/\/sentiers-des-savoirs.be\/wp-content\/uploads\/2024\/05\/lesson1.png",1080,810,false],"post_slider_layout_landscape":["https:\/\/sentiers-des-savoirs.be\/wp-content\/uploads\/2024\/05\/lesson1.png",533,400,false],"post_slider_layout_portrait":["https:\/\/sentiers-des-savoirs.be\/wp-content\/uploads\/2024\/05\/lesson1.png",600,450,false],"post_slider_layout_square":["https:\/\/sentiers-des-savoirs.be\/wp-content\/uploads\/2024\/05\/lesson1.png",600,450,false],"full":["https:\/\/sentiers-des-savoirs.be\/wp-content\/uploads\/2024\/05\/lesson1.png",1080,810,false]},"_links":{"self":[{"href":"https:\/\/sentiers-des-savoirs.be\/index.php\/wp-json\/wp\/v2\/pages\/70","targetHints":{"allow":["GET"]}}],"collection":[{"href":"https:\/\/sentiers-des-savoirs.be\/index.php\/wp-json\/wp\/v2\/pages"}],"about":[{"href":"https:\/\/sentiers-des-savoirs.be\/index.php\/wp-json\/wp\/v2\/types\/page"}],"author":[{"embeddable":true,"href":"https:\/\/sentiers-des-savoirs.be\/index.php\/wp-json\/wp\/v2\/users\/1"}],"replies":[{"embeddable":true,"href":"https:\/\/sentiers-des-savoirs.be\/index.php\/wp-json\/wp\/v2\/comments?post=70"}],"version-history":[{"count":2,"href":"https:\/\/sentiers-des-savoirs.be\/index.php\/wp-json\/wp\/v2\/pages\/70\/revisions"}],"predecessor-version":[{"id":76,"href":"https:\/\/sentiers-des-savoirs.be\/index.php\/wp-json\/wp\/v2\/pages\/70\/revisions\/76"}],"wp:featuredmedia":[{"embeddable":true,"href":"https:\/\/sentiers-des-savoirs.be\/index.php\/wp-json\/wp\/v2\/media\/56"}],"wp:attachment":[{"href":"https:\/\/sentiers-des-savoirs.be\/index.php\/wp-json\/wp\/v2\/media?parent=70"}],"curies":[{"name":"wp","href":"https:\/\/api.w.org\/{rel}","templated":true}]}}