{"id":68,"date":"2024-05-05T21:48:09","date_gmt":"2024-05-05T19:48:09","guid":{"rendered":"https:\/\/sentiers-des-savoirs.be\/?page_id=68"},"modified":"2024-05-05T21:57:53","modified_gmt":"2024-05-05T19:57:53","slug":"itinerants","status":"publish","type":"page","link":"https:\/\/sentiers-des-savoirs.be\/index.php\/itinerants\/","title":{"rendered":"Itin\u00e9rant.e"},"content":{"rendered":"\n<p>Extrait du site des <a href=\"https:\/\/sentiers-des-savoirs.ch\/\">Sentiers des Savoirs Suisse<\/a><\/p>\n\n\n\n<h2 class=\"wp-block-heading\">LES ITIN\u00c9RANT\u00b7E\u00b7S<\/h2>\n\n\n\n<p>Jeunes \u2013 et moins jeunes \u2013 \u00e0 partir de 18 ans qui parcourent les Sentiers des Savoirs \u00e0 pied de lieu en lieu et visitent au moins un\u00b7e passeur\u00b7euse de savoir pour apprendre \u00e0 leurs c\u00f4t\u00e9s des pratiques \u00e9cologiques. Ils planifient leur propre itin\u00e9raire d\u2019apprentissage \u00e0 l\u2019aide du bureau de l\u2019association.<\/p>\n\n\n\n<p>Extrait du site des <a href=\"https:\/\/sentiers-des-savoirs.fr\/itinerance\/\">Sentiers des Savoirs Fran\u00e7ais<\/a><\/p>\n\n\n\n<h2 class=\"wp-block-heading\">Devenir itin\u00e9rant\u00b7e<\/h2>\n\n\n\n<p>Vous r\u00eavez de vous investir dans un projet de vie qui a du sens, de vous r\u00e9orienter radicalement ou simplement de faire une<br>exp\u00e9rience nouvelle et enrichissante ? Composez votre itin\u00e9raire selon ce que vous souhaitez apprendre et partez pour un voyage \u00e0 pied de la dur\u00e9e de votre choix.<\/p>\n\n\n\n<p>Vous disposez d\u2019un peu de temps, d\u2019un mois ou d\u2019une ann\u00e9e, pour acqu\u00e9rir des savoirs, des savoirs-faire et faire m\u00fbrir un projet ?<\/p>\n\n\n\n<p>S\u2019inspirant du mod\u00e8le mill\u00e9naire du compagnonnage, l\u2019association Les Sentiers des savoirs propose \u00e0 tout un chacun de composer un voyage rythm\u00e9 par des \u00e9tapes d\u2019apprentissage aupr\u00e8s de paysans, d\u2019artisans, de scientifiques pr\u00eats \u00e0 transmettre leurs connaissances.<\/p>\n\n\n\n<p>Il n\u2019y a pas d\u2019examen d\u2019entr\u00e9e.<\/p>\n\n\n\n<p>Vous d\u00e9terminez ce que vous souhaitez apprendre \u2013 savoirs-faire paysans, \u00e9co-construction, artisanat, botanique, foresterie naturelle, m\u00e9decines douces (voir la page \u201cd\u00e9couvrir le r\u00e9seau\u201d pour conna\u00eetre tout l\u2019\u00e9ventail) \u2013 et o\u00f9 vous souhaitez commencer votre p\u00e9riple.<\/p>\n\n\n\n<p>Avant de prendre la route,&nbsp;<a href=\"https:\/\/sentiers-des-savoirs.fr\/adherer-2\">adh\u00e9rez \u00e0 l\u2019association<\/a>&nbsp;!<\/p>\n\n\n\n<figure class=\"wp-block-image\"><img decoding=\"async\" src=\"https:\/\/sentiers-des-savoirs.fr\/wp-content\/uploads\/2022\/06\/En-randonne%CC%81e-avant-de-planter-la-tente-Bonvillars-VD-_-IMG_5180-1-edited-scaled.jpg\" alt=\"\" class=\"wp-image-458\"\/><\/figure>\n\n\n\n<h3 class=\"wp-block-heading\">D\u00e9roulement du p\u00e9riple :<\/h3>\n\n\n\n<ul>\n<li>Les itin\u00e9raires peuvent \u00eatre conseill\u00e9s, mais pas impos\u00e9s (car le chemin est aussi le but&nbsp;!).<\/li>\n\n\n\n<li>On fournira \u00e0 l\u2019itin\u00e9rant\u00b7e un carnet de route, qu\u2019il fera tamponner par ses h\u00f4tes, et un tampon \u00ab itin\u00e9rant \u00bb.<\/li>\n\n\n\n<li>Les h\u00f4tes (et les sympathisant\u00b7e\u00b7s accueillants) auront, de m\u00eame, chacun leur livret d\u2019accueil qu\u2019ils font tamponner par les itin\u00e9rant\u00b7e\u00b7s, et leur tampon \u00ab h\u00f4te \u00bb.<\/li>\n\n\n\n<li>L\u2019itin\u00e9rant\u00b7e devra si possible prendre contact avec les lieux en avance pour savoir s\u2019il y a de la place.<\/li>\n\n\n\n<li>La dur\u00e9e maximum d\u2019apprentissage sur un lieu est fix\u00e9e \u00e0 un mois. Nous voulons encourager le mouvement&nbsp;: \u00ab&nbsp;marcher est le moteur&nbsp;\u00bb.<\/li>\n\n\n\n<li>Les h\u00f4tes pourront signaler leurs besoins. Ex&nbsp;: visite d\u2019un botaniste, \u00e9v\u00e9nement artistique, etc.<\/li>\n\n\n\n<li>Il n\u2019y a pas d\u2019examen de sortie.<\/li>\n\n\n\n<li>Nous ne fixons pas de dur\u00e9e maximum sur Les Sentiers des Savoirs.<\/li>\n\n\n\n<li>Et un festival annuel itin\u00e9rant&nbsp;!<\/li>\n\n\n\n<li>Et des troubadours qui voyagent de lieu en lieu&nbsp;!<\/li>\n<\/ul>\n\n\n\n<figure class=\"wp-block-image\"><img decoding=\"async\" src=\"https:\/\/sentiers-des-savoirs.fr\/wp-content\/uploads\/2022\/06\/Bretagne_KatjaLeidl-1-edited.jpg\" alt=\"\" class=\"wp-image-459\"\/><\/figure>\n","protected":false},"excerpt":{"rendered":"<p>Extrait du site des Sentiers des Savoirs Suisse LES ITIN\u00c9RANT\u00b7E\u00b7S Jeunes \u2013 et moins jeunes \u2013 \u00e0 partir de 18 ans qui parcourent les Sentiers des Savoirs \u00e0 pied&#8230;<\/p>\n","protected":false},"author":1,"featured_media":52,"parent":0,"menu_order":0,"comment_status":"closed","ping_status":"closed","template":"","meta":{"_regular_price":[],"currency_symbol":[],"_EventAllDay":false,"_EventTimezone":"","_EventStartDate":"","_EventEndDate":"","_EventStartDateUTC":"","_EventEndDateUTC":"","_EventShowMap":false,"_EventShowMapLink":false,"_EventURL":"","_EventCost":"","_EventCostDescription":"","_EventCurrencySymbol":"","_EventCurrencyCode":"","_EventCurrencyPosition":"","_EventDateTimeSeparator":"","_EventTimeRangeSeparator":"","_EventOrganizerID":[],"_EventVenueID":[],"_OrganizerEmail":"","_OrganizerPhone":"","_OrganizerWebsite":"","_VenueAddress":"","_VenueCity":"","_VenueCountry":"","_VenueProvince":"","_VenueState":"","_VenueZip":"","_VenuePhone":"","_VenueURL":"","_VenueStateProvince":"","_VenueLat":"","_VenueLng":"","_VenueShowMap":false,"_VenueShowMapLink":false,"footnotes":""},"class_list":["post-68","page","type-page","status-publish","has-post-thumbnail","hentry"],"post_slider_layout_featured_media_urls":{"thumbnail":["https:\/\/sentiers-des-savoirs.be\/wp-content\/uploads\/2024\/05\/IMG20210515203756-150x150.jpg",150,150,true],"post_slider_layout_landscape_large":["https:\/\/sentiers-des-savoirs.be\/wp-content\/uploads\/2024\/05\/IMG20210515203756-scaled.jpg",600,800,false],"post_slider_layout_portrait_large":["https:\/\/sentiers-des-savoirs.be\/wp-content\/uploads\/2024\/05\/IMG20210515203756-scaled.jpg",1200,1600,false],"post_slider_layout_square_large":["https:\/\/sentiers-des-savoirs.be\/wp-content\/uploads\/2024\/05\/IMG20210515203756-scaled.jpg",900,1200,false],"post_slider_layout_landscape":["https:\/\/sentiers-des-savoirs.be\/wp-content\/uploads\/2024\/05\/IMG20210515203756-scaled.jpg",300,400,false],"post_slider_layout_portrait":["https:\/\/sentiers-des-savoirs.be\/wp-content\/uploads\/2024\/05\/IMG20210515203756-scaled.jpg",600,800,false],"post_slider_layout_square":["https:\/\/sentiers-des-savoirs.be\/wp-content\/uploads\/2024\/05\/IMG20210515203756-scaled.jpg",450,600,false],"full":["https:\/\/sentiers-des-savoirs.be\/wp-content\/uploads\/2024\/05\/IMG20210515203756-scaled.jpg",1920,2560,false]},"_links":{"self":[{"href":"https:\/\/sentiers-des-savoirs.be\/index.php\/wp-json\/wp\/v2\/pages\/68","targetHints":{"allow":["GET"]}}],"collection":[{"href":"https:\/\/sentiers-des-savoirs.be\/index.php\/wp-json\/wp\/v2\/pages"}],"about":[{"href":"https:\/\/sentiers-des-savoirs.be\/index.php\/wp-json\/wp\/v2\/types\/page"}],"author":[{"embeddable":true,"href":"https:\/\/sentiers-des-savoirs.be\/index.php\/wp-json\/wp\/v2\/users\/1"}],"replies":[{"embeddable":true,"href":"https:\/\/sentiers-des-savoirs.be\/index.php\/wp-json\/wp\/v2\/comments?post=68"}],"version-history":[{"count":3,"href":"https:\/\/sentiers-des-savoirs.be\/index.php\/wp-json\/wp\/v2\/pages\/68\/revisions"}],"predecessor-version":[{"id":78,"href":"https:\/\/sentiers-des-savoirs.be\/index.php\/wp-json\/wp\/v2\/pages\/68\/revisions\/78"}],"wp:featuredmedia":[{"embeddable":true,"href":"https:\/\/sentiers-des-savoirs.be\/index.php\/wp-json\/wp\/v2\/media\/52"}],"wp:attachment":[{"href":"https:\/\/sentiers-des-savoirs.be\/index.php\/wp-json\/wp\/v2\/media?parent=68"}],"curies":[{"name":"wp","href":"https:\/\/api.w.org\/{rel}","templated":true}]}}