{"id":62,"date":"2024-05-05T21:34:16","date_gmt":"2024-05-05T19:34:16","guid":{"rendered":"https:\/\/sentiers-des-savoirs.be\/?page_id=62"},"modified":"2024-05-05T21:40:01","modified_gmt":"2024-05-05T19:40:01","slug":"participer","status":"publish","type":"page","link":"https:\/\/sentiers-des-savoirs.be\/index.php\/participer\/","title":{"rendered":"Participer"},"content":{"rendered":"\n<p>Extrait des <a href=\"https:\/\/sentiers-des-savoirs.fr\/participer\/\">Sentiers des Savoirs Fran\u00e7ais<\/a><\/p>\n\n\n\n<h1 class=\"wp-block-heading\">D\u2019autres fa\u00e7ons de participer<\/h1>\n\n\n\n<ul>\n<li>Vous pouvez h\u00e9berger un\u00b7e ou deux itin\u00e9rant\u00b7e\u00b7s qui ont besoin de faire \u00e9tape, mais sans forc\u00e9ment transmettre un savoir\/savoir-faire, ou en partageant simplement votre biblioth\u00e8que ou vos recettes de cuisine ?<\/li>\n\n\n\n<li>Vous \u00eates artiste ? Nous pouvons faire rena\u00eetre les troubadours&nbsp;! Ainsi nous ouvrons un monde nouveau pour le milieu artistique, qui avait cette vocation d\u2019aller sur place.<\/li>\n\n\n\n<li>Vous \u00eates botaniste, ornithologue, astronome\u2026 et avez envie de parcourir les Sentiers en transmettant et \u00e9changeant vos connaissances ?<\/li>\n\n\n\n<li>Vous souhaitez accompagner les itin\u00e9rant\u00b7e\u00b7s avant le d\u00e9part et\/ou pendant le p\u00e9riple, ou aider les lieux h\u00f4te \u00e0 organiser l\u2019accueil des itin\u00e9rant\u00b7e\u00b7s ?<\/li>\n<\/ul>\n\n\n\n<p>Vous \u00eates les bienvenus dans la vie du r\u00e9seau, rendez-vous sur la page&nbsp;<a href=\"https:\/\/sentiers-des-savoirs.fr\/adherer-2\">adh\u00e9rer \u00e0 l\u2019association<\/a>&nbsp;!<\/p>\n\n\n\n<h1 class=\"wp-block-heading\">Adh\u00e9rer<\/h1>\n\n\n\n<figure class=\"wp-block-image\"><img decoding=\"async\" src=\"https:\/\/sentiers-des-savoirs.fr\/wp-content\/uploads\/2022\/09\/Les-Sentiers-du-savoir-logo-1-1024x275.png\" alt=\"\" class=\"wp-image-537\"\/><\/figure>\n\n\n\n<h2 class=\"wp-block-heading\"><strong>Devenir itin\u00e9rant\u00b7e<\/strong><\/h2>\n\n\n\n<p>Avant de partir explorer les sentiers, vous devez devenir membre de l\u2019association Les sentiers des savoirs. Un entretien sera ensuite pr\u00e9vu (par visio-conf\u00e9rence si ce n\u2019est pas possible physiquement) avec l\u2019\u00e9quipe organisatrice pour conna\u00eetre vos motivations, vous conseiller les lieux adapt\u00e9s \u00e0 ce que vous souhaitez apprendre, etc.<\/p>\n\n\n\n<h2 class=\"wp-block-heading\">Devenir passeur\u00b7se de savoirs<\/h2>\n\n\n\n<p>Avant d\u2019accueillir des itin\u00e9rant\u00b7e\u00b7s sur votre lieu, vous devez devenir membre de l\u2019association Les sentiers des savoirs. Un entretien sera ensuite pr\u00e9vu (tout d\u2019abord au moins au t\u00e9l\u00e9phone) avec l\u2019\u00e9quipe organisatrice pour mieux nous conna\u00eetre !<\/p>\n\n\n\n<h2 class=\"wp-block-heading\">Devenir sympathisant<strong>\u00b7<\/strong>e<\/h2>\n\n\n\n<p>Pour participer ponctuellement \u00e0 la vie du r\u00e9seau, en accueillant des itin\u00e9rant\u00b7e\u00b7s de passage ou en proposant des animations artistiques ou p\u00e9dagogiques ponctuelles, devenez membres de l\u2019association Les Sentiers des savoirs en tant que sympathisant.e.<\/p>\n\n\n\n<p><a href=\"http:\/\/sentiers-des-savoirs.fr\/wp-content\/uploads\/2023\/04\/bulletin-dadhesion-Sentiers-des-savoirs-A4_vs-2023-03-161-1-scaled.jpg\" target=\"_blank\" rel=\"noreferrer noopener\">T\u00c9L\u00c9CHARGER LE BULLETIN D\u2019ADH\u00c9SION<\/a><\/p>\n\n\n\n<figure class=\"wp-block-image\"><img decoding=\"async\" src=\"https:\/\/sentiers-des-savoirs.fr\/wp-content\/uploads\/2022\/09\/bannieresentiers-1024x197.jpg\" alt=\"\" class=\"wp-image-534\"\/><\/figure>\n\n\n\n<p>Extrait des <a href=\"https:\/\/sentiers-des-savoirs.ch\/\">Sentiers des Savoirs Suisse<\/a><\/p>\n\n\n\n<h2 class=\"wp-block-heading\">LES SYMPATHISANT\u00b7E\u00b7S<\/h2>\n\n\n\n<p>Toute autre personne qui contribue au r\u00e9seau d\u2019une autre mani\u00e8re : en proposant un lieu de repos, un repas, une biblioth\u00e8que, une langue \u00e0 enseigner, un soutien \u00e9conomique.<\/p>\n\n\n\n<h2 class=\"wp-block-heading\">DEVENIR MEMBRE<\/h2>\n\n\n\n<p>Pour devenir membre il suffit de prendre contact avec nous et de payer (par virement bancaire aux coordonn\u00e9es indiqu\u00e9es plus bas) la cotisation annuelle :<\/p>\n\n\n\n<ul>\n<li>Membres simples : 80 CHF<\/li>\n\n\n\n<li>Membres familles \/ couples : 100 CHF<\/li>\n\n\n\n<li>Membres collectifs \/ organisations : \u00e0 partir de 120 CHF<\/li>\n\n\n\n<li>Membres d\u2019honneur : 10 CHF<\/li>\n<\/ul>\n","protected":false},"excerpt":{"rendered":"<p>Extrait des Sentiers des Savoirs Fran\u00e7ais D\u2019autres fa\u00e7ons de participer Vous \u00eates les bienvenus dans la vie du r\u00e9seau, rendez-vous sur la page&nbsp;adh\u00e9rer \u00e0 l\u2019association&nbsp;! Adh\u00e9rer Devenir itin\u00e9rant\u00b7e Avant&#8230;<\/p>\n","protected":false},"author":1,"featured_media":64,"parent":0,"menu_order":0,"comment_status":"closed","ping_status":"closed","template":"","meta":{"_regular_price":[],"currency_symbol":[],"_EventAllDay":false,"_EventTimezone":"","_EventStartDate":"","_EventEndDate":"","_EventStartDateUTC":"","_EventEndDateUTC":"","_EventShowMap":false,"_EventShowMapLink":false,"_EventURL":"","_EventCost":"","_EventCostDescription":"","_EventCurrencySymbol":"","_EventCurrencyCode":"","_EventCurrencyPosition":"","_EventDateTimeSeparator":"","_EventTimeRangeSeparator":"","_EventOrganizerID":[],"_EventVenueID":[],"_OrganizerEmail":"","_OrganizerPhone":"","_OrganizerWebsite":"","_VenueAddress":"","_VenueCity":"","_VenueCountry":"","_VenueProvince":"","_VenueState":"","_VenueZip":"","_VenuePhone":"","_VenueURL":"","_VenueStateProvince":"","_VenueLat":"","_VenueLng":"","_VenueShowMap":false,"_VenueShowMapLink":false,"footnotes":""},"class_list":["post-62","page","type-page","status-publish","has-post-thumbnail","hentry"],"post_slider_layout_featured_media_urls":{"thumbnail":["https:\/\/sentiers-des-savoirs.be\/wp-content\/uploads\/2024\/05\/IMG20210516191829-150x150.jpg",150,150,true],"post_slider_layout_landscape_large":["https:\/\/sentiers-des-savoirs.be\/wp-content\/uploads\/2024\/05\/IMG20210516191829-scaled.jpg",1067,800,false],"post_slider_layout_portrait_large":["https:\/\/sentiers-des-savoirs.be\/wp-content\/uploads\/2024\/05\/IMG20210516191829-scaled.jpg",1200,900,false],"post_slider_layout_square_large":["https:\/\/sentiers-des-savoirs.be\/wp-content\/uploads\/2024\/05\/IMG20210516191829-scaled.jpg",1200,900,false],"post_slider_layout_landscape":["https:\/\/sentiers-des-savoirs.be\/wp-content\/uploads\/2024\/05\/IMG20210516191829-scaled.jpg",533,400,false],"post_slider_layout_portrait":["https:\/\/sentiers-des-savoirs.be\/wp-content\/uploads\/2024\/05\/IMG20210516191829-scaled.jpg",600,450,false],"post_slider_layout_square":["https:\/\/sentiers-des-savoirs.be\/wp-content\/uploads\/2024\/05\/IMG20210516191829-scaled.jpg",600,450,false],"full":["https:\/\/sentiers-des-savoirs.be\/wp-content\/uploads\/2024\/05\/IMG20210516191829-scaled.jpg",2560,1920,false]},"_links":{"self":[{"href":"https:\/\/sentiers-des-savoirs.be\/index.php\/wp-json\/wp\/v2\/pages\/62","targetHints":{"allow":["GET"]}}],"collection":[{"href":"https:\/\/sentiers-des-savoirs.be\/index.php\/wp-json\/wp\/v2\/pages"}],"about":[{"href":"https:\/\/sentiers-des-savoirs.be\/index.php\/wp-json\/wp\/v2\/types\/page"}],"author":[{"embeddable":true,"href":"https:\/\/sentiers-des-savoirs.be\/index.php\/wp-json\/wp\/v2\/users\/1"}],"replies":[{"embeddable":true,"href":"https:\/\/sentiers-des-savoirs.be\/index.php\/wp-json\/wp\/v2\/comments?post=62"}],"version-history":[{"count":3,"href":"https:\/\/sentiers-des-savoirs.be\/index.php\/wp-json\/wp\/v2\/pages\/62\/revisions"}],"predecessor-version":[{"id":66,"href":"https:\/\/sentiers-des-savoirs.be\/index.php\/wp-json\/wp\/v2\/pages\/62\/revisions\/66"}],"wp:featuredmedia":[{"embeddable":true,"href":"https:\/\/sentiers-des-savoirs.be\/index.php\/wp-json\/wp\/v2\/media\/64"}],"wp:attachment":[{"href":"https:\/\/sentiers-des-savoirs.be\/index.php\/wp-json\/wp\/v2\/media?parent=62"}],"curies":[{"name":"wp","href":"https:\/\/api.w.org\/{rel}","templated":true}]}}