{"id":37,"date":"2024-05-05T14:23:11","date_gmt":"2024-05-05T12:23:11","guid":{"rendered":"https:\/\/sentiers-des-savoirs.be\/?page_id=37"},"modified":"2024-05-05T14:23:11","modified_gmt":"2024-05-05T12:23:11","slug":"a-propos","status":"publish","type":"page","link":"https:\/\/sentiers-des-savoirs.be\/index.php\/a-propos\/","title":{"rendered":"A propos"},"content":{"rendered":"\n<p>Les sentiers des Savoirs se compose d&#8217;un r\u00e9seau de passeur-euses de savoir qui partagent leurs connaissances (savoir-faire et\/ou savoir-\u00eatre) n\u00e9cessaires \u00e0 la transition \u00e9cologique<\/p>\n\n\n\n<figure class=\"wp-block-image size-large\"><img loading=\"lazy\" decoding=\"async\" width=\"1024\" height=\"768\" src=\"https:\/\/sentiers-des-savoirs.be\/wp-content\/uploads\/2024\/05\/IMG20231015121748-1024x768.jpg\" alt=\"\" class=\"wp-image-38\" srcset=\"https:\/\/sentiers-des-savoirs.be\/wp-content\/uploads\/2024\/05\/IMG20231015121748-1024x768.jpg 1024w, https:\/\/sentiers-des-savoirs.be\/wp-content\/uploads\/2024\/05\/IMG20231015121748-300x225.jpg 300w, https:\/\/sentiers-des-savoirs.be\/wp-content\/uploads\/2024\/05\/IMG20231015121748-768x576.jpg 768w, https:\/\/sentiers-des-savoirs.be\/wp-content\/uploads\/2024\/05\/IMG20231015121748-1536x1152.jpg 1536w, https:\/\/sentiers-des-savoirs.be\/wp-content\/uploads\/2024\/05\/IMG20231015121748-2048x1536.jpg 2048w\" sizes=\"auto, (max-width: 1024px) 100vw, 1024px\" \/><figcaption class=\"wp-element-caption\">oppo_2<\/figcaption><\/figure>\n","protected":false},"excerpt":{"rendered":"<p>Les sentiers des Savoirs se compose d&#8217;un r\u00e9seau de passeur-euses de savoir qui partagent leurs connaissances (savoir-faire et\/ou savoir-\u00eatre) n\u00e9cessaires \u00e0 la transition \u00e9cologique<\/p>\n","protected":false},"author":1,"featured_media":0,"parent":0,"menu_order":0,"comment_status":"closed","ping_status":"closed","template":"","meta":{"_regular_price":[],"currency_symbol":[],"_EventAllDay":false,"_EventTimezone":"","_EventStartDate":"","_EventEndDate":"","_EventStartDateUTC":"","_EventEndDateUTC":"","_EventShowMap":false,"_EventShowMapLink":false,"_EventURL":"","_EventCost":"","_EventCostDescription":"","_EventCurrencySymbol":"","_EventCurrencyCode":"","_EventCurrencyPosition":"","_EventDateTimeSeparator":"","_EventTimeRangeSeparator":"","_EventOrganizerID":[],"_EventVenueID":[],"_OrganizerEmail":"","_OrganizerPhone":"","_OrganizerWebsite":"","_VenueAddress":"","_VenueCity":"","_VenueCountry":"","_VenueProvince":"","_VenueState":"","_VenueZip":"","_VenuePhone":"","_VenueURL":"","_VenueStateProvince":"","_VenueLat":"","_VenueLng":"","_VenueShowMap":false,"_VenueShowMapLink":false,"footnotes":""},"class_list":["post-37","page","type-page","status-publish","hentry"],"post_slider_layout_featured_media_urls":{"thumbnail":"","post_slider_layout_landscape_large":"","post_slider_layout_portrait_large":"","post_slider_layout_square_large":"","post_slider_layout_landscape":"","post_slider_layout_portrait":"","post_slider_layout_square":"","full":""},"_links":{"self":[{"href":"https:\/\/sentiers-des-savoirs.be\/index.php\/wp-json\/wp\/v2\/pages\/37","targetHints":{"allow":["GET"]}}],"collection":[{"href":"https:\/\/sentiers-des-savoirs.be\/index.php\/wp-json\/wp\/v2\/pages"}],"about":[{"href":"https:\/\/sentiers-des-savoirs.be\/index.php\/wp-json\/wp\/v2\/types\/page"}],"author":[{"embeddable":true,"href":"https:\/\/sentiers-des-savoirs.be\/index.php\/wp-json\/wp\/v2\/users\/1"}],"replies":[{"embeddable":true,"href":"https:\/\/sentiers-des-savoirs.be\/index.php\/wp-json\/wp\/v2\/comments?post=37"}],"version-history":[{"count":1,"href":"https:\/\/sentiers-des-savoirs.be\/index.php\/wp-json\/wp\/v2\/pages\/37\/revisions"}],"predecessor-version":[{"id":39,"href":"https:\/\/sentiers-des-savoirs.be\/index.php\/wp-json\/wp\/v2\/pages\/37\/revisions\/39"}],"wp:attachment":[{"href":"https:\/\/sentiers-des-savoirs.be\/index.php\/wp-json\/wp\/v2\/media?parent=37"}],"curies":[{"name":"wp","href":"https:\/\/api.w.org\/{rel}","templated":true}]}}